{"id":7379,"date":"2024-07-10T19:29:18","date_gmt":"2024-07-10T19:29:18","guid":{"rendered":"https:\/\/rc4wd.com\/go\/?page_id=7379"},"modified":"2025-10-30T21:10:08","modified_gmt":"2025-10-30T21:10:08","slug":"etienne-nappert","status":"publish","type":"page","link":"https:\/\/rc4wd.com\/go\/etienne-nappert\/","title":{"rendered":"Etienne Nappert"},"content":{"rendered":"\t\t<div data-elementor-type=\"wp-page\" data-elementor-id=\"7379\" class=\"elementor elementor-7379\">\n\t\t\t\t\t\t<section class=\"elementor-section elementor-top-section elementor-element elementor-element-af1a8dd elementor-section-boxed elementor-section-height-default elementor-section-height-default\" data-id=\"af1a8dd\" data-element_type=\"section\" data-e-type=\"section\">\n\t\t\t\t\t\t<div class=\"elementor-container elementor-column-gap-default\">\n\t\t\t\t\t<div class=\"elementor-column elementor-col-100 elementor-top-column elementor-element elementor-element-202f3220\" data-id=\"202f3220\" data-element_type=\"column\" data-e-type=\"column\">\n\t\t\t<div class=\"elementor-widget-wrap elementor-element-populated\">\n\t\t\t\t\t\t<div class=\"elementor-element elementor-element-6c306413 eael-team-align-eael-team-align-default elementor-widget elementor-widget-eael-team-member\" data-id=\"6c306413\" data-element_type=\"widget\" data-e-type=\"widget\" data-widget_type=\"eael-team-member.default\">\n\t\t\t\t<div class=\"elementor-widget-container\">\n\t\t\t\t\t\n\n\t<div id=\"eael-team-member-6c306413\" class=\"eael-team-item eael-team-members-centered team-avatar-rounded\">\n\t\t<div class=\"eael-team-item-inner\">\n\t\t\t<div class=\"eael-team-image\">\n\t\t\t\t<figure>\n\t\t\t\t\t\t\t\t\t\t<img decoding=\"async\" src=\"https:\/\/rc4wd.com\/go\/wp-content\/uploads\/2025\/02\/Etienne.png\" alt=\"\">\n\t\t\t\t\t\t\t\t\t<\/figure>\n\t\t\t\t\n\t\t\t\t\n\t\t\t<\/div>\n\n\t\t\t<div class=\"eael-team-content\">\n\t\t\t\t<h2 class=\"eael-team-member-name\">\u00c9tienne Nappert<\/h2><h3 class=\"eael-team-member-position\">International Team Driver - Canada<\/h3>\n\t\t\t\t\t\t\t\t\t\t\t\t\t\t\t<ul class=\"eael-team-member-social-profiles\">\n\t\t\t\t\t\t\t\t\t\t\t\t\t\t\t\t\t\t\t\t\t\t\t\t\t\t\t\t\t\t\t\t\t\t\t\t\t\t\t\t\t<li class=\"eael-team-member-social-link\">\n\t\t\t\t\t\t\t\t\t\t<a href=\"https:\/\/www.instagram.com\/noname_rc\" target=\"_blank\" rel=\"noopener\">\n\t\t\t\t\t\t\t\t\t\t\t\t\t\t\t\t\t\t\t\t\t\t\t<i aria-hidden=\"true\" class=\"fab fa-instagram\"><\/i>\t\t\t\t\t\t\t\t\t\t\t\t\t\t\t\t\t\t\t\t\t<\/a>\n\t\t\t\t\t\t\t\t\t<\/li>\n\t\t\t\t\t\t\t\t\t\t\t\t\t\t\t\t\t\t\t\t\t\t\t\t\t\t\t\t\t\t\t\t\t\t\t\t\t\t\t\t\t\t\t\t\t\t\t\t\t<li class=\"eael-team-member-social-link\">\n\t\t\t\t\t\t\t\t\t\t<a href=\"https:\/\/www.facebook.com\/etienne.nappert\" target=\"_blank\" rel=\"noopener\">\n\t\t\t\t\t\t\t\t\t\t\t\t\t\t\t\t\t\t\t\t\t\t\t<i aria-hidden=\"true\" class=\"fab fa-facebook-f\"><\/i>\t\t\t\t\t\t\t\t\t\t\t\t\t\t\t\t\t\t\t\t\t<\/a>\n\t\t\t\t\t\t\t\t\t<\/li>\n\t\t\t\t\t\t\t\t\t\t\t\t\t\t\t\t\t\t\t\t\t<\/ul>\n\t\t\t\t\t\t\t\t\t\t<p class=\"eael-team-text\"><\/p>\n\t\t\t\t\t\t\t<\/div>\n\t\t<\/div>\n\t<\/div>\n\t\t\t\t\t<\/div>\n\t\t\t\t<\/div>\n\t\t\t\t<div class=\"elementor-element elementor-element-38d36662 elementor-widget elementor-widget-text-editor\" data-id=\"38d36662\" data-element_type=\"widget\" data-e-type=\"widget\" data-widget_type=\"text-editor.default\">\n\t\t\t\t<div class=\"elementor-widget-container\">\n\t\t\t\t\t\t\t\t\t<p>Team Driver &#8211; Since 2016&#8230; Yup!<\/p><p>Name &#8211; \u00c9tienne Nappert<br \/>Location &#8211; Montr\u00e9al, Qc, Canada&#8230; Yup, i&#8217;m french canadian!<br \/>Social Links<br \/>&#8211; FB: Et Nt<br \/>&#8211; IG: noname_rc<br \/>&#8211; Forums: noname, noname0383<\/p><p>Common-law partner of a wonderful woman, father of 2 teenagers, peace officer, captain for the special constables.<br \/>I have been a team driver since 2016 following the construction of my first Bully II&#8230;<br \/>Apart from RC, I practice several sports but particularly cycling and alpine skiing. I like nature, traveling, going to see music shows, mainly metal and punk\/rock.<br \/>Hey, is it me or is this starting to look like a dating site ad all this&#8230;!?!<br \/><br \/>When did you start RC &#8211; Somewhere in the 2000s, can,t tell really!<br \/>What is your category (scale, comp, HM) &#8211; Scale building, there&#8217;s not comp here!<br \/>Favorite Part about RC &#8211; Being out there, in a trail somewhere, alone or with friends. Its just so peacefull It clears the mind&#8230;<br \/>Do you remember your first RC &#8211; A Traxxas Summit 1\/10 and basically other Traxxas bashers. I then started to get interested in crawlers, but it took a long time before scale interested me.<br \/>Favorite RC Memory &#8211; Every day I take out my rcs, early in the morning, with friends, hair in the wind&#8230;The very image of Fabio \ud83d\ude09<br \/>Favorite RC4WD platform (TF2, G2, CC) &#8211; Tf2 but it&#8217;s hard not to love the MillerSports for its versatility and fun side<br \/>Favorite Hobby Shop to visit &#8211; RC4WD obviously<br \/><br \/>Favorite RC4WD truck &#8211; MillerSports rock racer<br \/>Any personal RC achievements Being part of this Team (with my 1st Bully II build)<\/p>\t\t\t\t\t\t\t\t<\/div>\n\t\t\t\t<\/div>\n\t\t\t\t\t<\/div>\n\t\t<\/div>\n\t\t\t\t\t<\/div>\n\t\t<\/section>\n\t\t\t\t<section class=\"elementor-section elementor-top-section elementor-element elementor-element-65623cb4 elementor-section-boxed elementor-section-height-default elementor-section-height-default\" data-id=\"65623cb4\" data-element_type=\"section\" data-e-type=\"section\">\n\t\t\t\t\t\t<div class=\"elementor-container elementor-column-gap-default\">\n\t\t\t\t\t<div class=\"elementor-column elementor-col-100 elementor-top-column elementor-element elementor-element-725b5b0b\" data-id=\"725b5b0b\" data-element_type=\"column\" data-e-type=\"column\">\n\t\t\t<div class=\"elementor-widget-wrap elementor-element-populated\">\n\t\t\t\t\t\t<div class=\"elementor-element elementor-element-2c9ab5e5 elementor-widget elementor-widget-image\" data-id=\"2c9ab5e5\" data-element_type=\"widget\" data-e-type=\"widget\" data-widget_type=\"image.default\">\n\t\t\t\t<div class=\"elementor-widget-container\">\n\t\t\t\t\t\t\t\t\t\t\t\t\t\t\t<img fetchpriority=\"high\" decoding=\"async\" width=\"1024\" height=\"576\" src=\"https:\/\/rc4wd.com\/go\/wp-content\/uploads\/2024\/07\/Etienne2-1024x576.jpg\" class=\"attachment-large size-large wp-image-7388\" alt=\"\" srcset=\"https:\/\/rc4wd.com\/go\/wp-content\/uploads\/2024\/07\/Etienne2-1024x576.jpg 1024w, https:\/\/rc4wd.com\/go\/wp-content\/uploads\/2024\/07\/Etienne2-300x169.jpg 300w, https:\/\/rc4wd.com\/go\/wp-content\/uploads\/2024\/07\/Etienne2-768x432.jpg 768w, https:\/\/rc4wd.com\/go\/wp-content\/uploads\/2024\/07\/Etienne2-1536x864.jpg 1536w, https:\/\/rc4wd.com\/go\/wp-content\/uploads\/2024\/07\/Etienne2.jpg 1920w\" sizes=\"(max-width: 1024px) 100vw, 1024px\" \/>\t\t\t\t\t\t\t\t\t\t\t\t\t\t\t<\/div>\n\t\t\t\t<\/div>\n\t\t\t\t\t<\/div>\n\t\t<\/div>\n\t\t\t\t\t<\/div>\n\t\t<\/section>\n\t\t\t\t<section class=\"elementor-section elementor-top-section elementor-element elementor-element-1d11d784 elementor-section-boxed elementor-section-height-default elementor-section-height-default\" data-id=\"1d11d784\" data-element_type=\"section\" data-e-type=\"section\">\n\t\t\t\t\t\t<div class=\"elementor-container elementor-column-gap-default\">\n\t\t\t\t\t<div class=\"elementor-column elementor-col-100 elementor-top-column elementor-element elementor-element-6795191c\" data-id=\"6795191c\" data-element_type=\"column\" data-e-type=\"column\">\n\t\t\t<div class=\"elementor-widget-wrap elementor-element-populated\">\n\t\t\t\t\t\t<div class=\"elementor-element elementor-element-7d7aece elementor-widget elementor-widget-image\" data-id=\"7d7aece\" data-element_type=\"widget\" data-e-type=\"widget\" data-widget_type=\"image.default\">\n\t\t\t\t<div class=\"elementor-widget-container\">\n\t\t\t\t\t\t\t\t\t\t\t\t\t\t\t<img decoding=\"async\" width=\"1024\" height=\"576\" src=\"https:\/\/rc4wd.com\/go\/wp-content\/uploads\/2024\/07\/Etienne3-1024x576.jpg\" class=\"attachment-large size-large wp-image-7387\" alt=\"\" srcset=\"https:\/\/rc4wd.com\/go\/wp-content\/uploads\/2024\/07\/Etienne3-1024x576.jpg 1024w, https:\/\/rc4wd.com\/go\/wp-content\/uploads\/2024\/07\/Etienne3-300x169.jpg 300w, https:\/\/rc4wd.com\/go\/wp-content\/uploads\/2024\/07\/Etienne3-768x432.jpg 768w, https:\/\/rc4wd.com\/go\/wp-content\/uploads\/2024\/07\/Etienne3-1536x864.jpg 1536w, https:\/\/rc4wd.com\/go\/wp-content\/uploads\/2024\/07\/Etienne3-2048x1152.jpg 2048w\" sizes=\"(max-width: 1024px) 100vw, 1024px\" \/>\t\t\t\t\t\t\t\t\t\t\t\t\t\t\t<\/div>\n\t\t\t\t<\/div>\n\t\t\t\t\t<\/div>\n\t\t<\/div>\n\t\t\t\t\t<\/div>\n\t\t<\/section>\n\t\t\t\t<section class=\"elementor-section elementor-top-section elementor-element elementor-element-6d5956b elementor-section-boxed elementor-section-height-default elementor-section-height-default\" data-id=\"6d5956b\" data-element_type=\"section\" data-e-type=\"section\">\n\t\t\t\t\t\t<div class=\"elementor-container elementor-column-gap-default\">\n\t\t\t\t\t<div class=\"elementor-column elementor-col-100 elementor-top-column elementor-element elementor-element-58931b1\" data-id=\"58931b1\" data-element_type=\"column\" data-e-type=\"column\">\n\t\t\t<div class=\"elementor-widget-wrap elementor-element-populated\">\n\t\t\t\t\t\t<div class=\"elementor-element elementor-element-728a286 elementor-widget elementor-widget-image\" data-id=\"728a286\" data-element_type=\"widget\" data-e-type=\"widget\" data-widget_type=\"image.default\">\n\t\t\t\t<div class=\"elementor-widget-container\">\n\t\t\t\t\t\t\t\t\t\t\t\t\t\t\t<img decoding=\"async\" width=\"1024\" height=\"576\" src=\"https:\/\/rc4wd.com\/go\/wp-content\/uploads\/2024\/07\/Etienne10-1024x576.jpg\" class=\"attachment-large size-large wp-image-7380\" alt=\"\" srcset=\"https:\/\/rc4wd.com\/go\/wp-content\/uploads\/2024\/07\/Etienne10-1024x576.jpg 1024w, https:\/\/rc4wd.com\/go\/wp-content\/uploads\/2024\/07\/Etienne10-300x169.jpg 300w, https:\/\/rc4wd.com\/go\/wp-content\/uploads\/2024\/07\/Etienne10-768x432.jpg 768w, https:\/\/rc4wd.com\/go\/wp-content\/uploads\/2024\/07\/Etienne10-1536x864.jpg 1536w, https:\/\/rc4wd.com\/go\/wp-content\/uploads\/2024\/07\/Etienne10-2048x1152.jpg 2048w\" sizes=\"(max-width: 1024px) 100vw, 1024px\" \/>\t\t\t\t\t\t\t\t\t\t\t\t\t\t\t<\/div>\n\t\t\t\t<\/div>\n\t\t\t\t\t<\/div>\n\t\t<\/div>\n\t\t\t\t\t<\/div>\n\t\t<\/section>\n\t\t\t\t<section class=\"elementor-section elementor-top-section elementor-element elementor-element-4021874e elementor-section-boxed elementor-section-height-default elementor-section-height-default\" data-id=\"4021874e\" data-element_type=\"section\" data-e-type=\"section\">\n\t\t\t\t\t\t<div class=\"elementor-container elementor-column-gap-default\">\n\t\t\t\t\t<div class=\"elementor-column elementor-col-50 elementor-top-column elementor-element elementor-element-676536b5\" data-id=\"676536b5\" data-element_type=\"column\" data-e-type=\"column\">\n\t\t\t<div class=\"elementor-widget-wrap elementor-element-populated\">\n\t\t\t\t\t\t<div class=\"elementor-element elementor-element-4cd246ff elementor-widget elementor-widget-image\" data-id=\"4cd246ff\" data-element_type=\"widget\" data-e-type=\"widget\" data-widget_type=\"image.default\">\n\t\t\t\t<div class=\"elementor-widget-container\">\n\t\t\t\t\t\t\t\t\t\t\t\t\t\t\t<img loading=\"lazy\" decoding=\"async\" width=\"1024\" height=\"576\" src=\"https:\/\/rc4wd.com\/go\/wp-content\/uploads\/2024\/07\/Etienne8-1024x576.jpg\" class=\"attachment-large size-large wp-image-7382\" alt=\"\" srcset=\"https:\/\/rc4wd.com\/go\/wp-content\/uploads\/2024\/07\/Etienne8-1024x576.jpg 1024w, https:\/\/rc4wd.com\/go\/wp-content\/uploads\/2024\/07\/Etienne8-300x169.jpg 300w, https:\/\/rc4wd.com\/go\/wp-content\/uploads\/2024\/07\/Etienne8-768x432.jpg 768w, https:\/\/rc4wd.com\/go\/wp-content\/uploads\/2024\/07\/Etienne8-1536x864.jpg 1536w, https:\/\/rc4wd.com\/go\/wp-content\/uploads\/2024\/07\/Etienne8-2048x1152.jpg 2048w\" sizes=\"(max-width: 1024px) 100vw, 1024px\" \/>\t\t\t\t\t\t\t\t\t\t\t\t\t\t\t<\/div>\n\t\t\t\t<\/div>\n\t\t\t\t\t<\/div>\n\t\t<\/div>\n\t\t\t\t<div class=\"elementor-column elementor-col-50 elementor-top-column elementor-element elementor-element-77bfe8b8\" data-id=\"77bfe8b8\" data-element_type=\"column\" data-e-type=\"column\">\n\t\t\t<div class=\"elementor-widget-wrap elementor-element-populated\">\n\t\t\t\t\t\t<div class=\"elementor-element elementor-element-3326769b elementor-widget elementor-widget-image\" data-id=\"3326769b\" data-element_type=\"widget\" data-e-type=\"widget\" data-widget_type=\"image.default\">\n\t\t\t\t<div class=\"elementor-widget-container\">\n\t\t\t\t\t\t\t\t\t\t\t\t\t\t\t<img loading=\"lazy\" decoding=\"async\" width=\"1024\" height=\"576\" src=\"https:\/\/rc4wd.com\/go\/wp-content\/uploads\/2024\/07\/Etienne9-1024x576.jpg\" class=\"attachment-large size-large wp-image-7381\" alt=\"\" srcset=\"https:\/\/rc4wd.com\/go\/wp-content\/uploads\/2024\/07\/Etienne9-1024x576.jpg 1024w, https:\/\/rc4wd.com\/go\/wp-content\/uploads\/2024\/07\/Etienne9-300x169.jpg 300w, https:\/\/rc4wd.com\/go\/wp-content\/uploads\/2024\/07\/Etienne9-768x432.jpg 768w, https:\/\/rc4wd.com\/go\/wp-content\/uploads\/2024\/07\/Etienne9-1536x864.jpg 1536w, https:\/\/rc4wd.com\/go\/wp-content\/uploads\/2024\/07\/Etienne9-2048x1152.jpg 2048w\" sizes=\"(max-width: 1024px) 100vw, 1024px\" \/>\t\t\t\t\t\t\t\t\t\t\t\t\t\t\t<\/div>\n\t\t\t\t<\/div>\n\t\t\t\t\t<\/div>\n\t\t<\/div>\n\t\t\t\t\t<\/div>\n\t\t<\/section>\n\t\t\t\t<section class=\"elementor-section elementor-top-section elementor-element elementor-element-4634aa97 elementor-section-boxed elementor-section-height-default elementor-section-height-default\" data-id=\"4634aa97\" data-element_type=\"section\" data-e-type=\"section\">\n\t\t\t\t\t\t<div class=\"elementor-container elementor-column-gap-default\">\n\t\t\t\t\t<div class=\"elementor-column elementor-col-100 elementor-top-column elementor-element elementor-element-661b4c54\" data-id=\"661b4c54\" data-element_type=\"column\" data-e-type=\"column\">\n\t\t\t<div class=\"elementor-widget-wrap elementor-element-populated\">\n\t\t\t\t\t\t<div class=\"elementor-element elementor-element-712da3ce elementor-widget elementor-widget-image\" data-id=\"712da3ce\" data-element_type=\"widget\" data-e-type=\"widget\" data-widget_type=\"image.default\">\n\t\t\t\t<div class=\"elementor-widget-container\">\n\t\t\t\t\t\t\t\t\t\t\t\t\t\t\t<img loading=\"lazy\" decoding=\"async\" width=\"1024\" height=\"576\" src=\"https:\/\/rc4wd.com\/go\/wp-content\/uploads\/2024\/07\/Etienne5-1024x576.jpg\" class=\"attachment-large size-large wp-image-7385\" alt=\"\" srcset=\"https:\/\/rc4wd.com\/go\/wp-content\/uploads\/2024\/07\/Etienne5-1024x576.jpg 1024w, https:\/\/rc4wd.com\/go\/wp-content\/uploads\/2024\/07\/Etienne5-300x169.jpg 300w, https:\/\/rc4wd.com\/go\/wp-content\/uploads\/2024\/07\/Etienne5-768x432.jpg 768w, https:\/\/rc4wd.com\/go\/wp-content\/uploads\/2024\/07\/Etienne5-1536x864.jpg 1536w, https:\/\/rc4wd.com\/go\/wp-content\/uploads\/2024\/07\/Etienne5-2048x1152.jpg 2048w\" sizes=\"(max-width: 1024px) 100vw, 1024px\" \/>\t\t\t\t\t\t\t\t\t\t\t\t\t\t\t<\/div>\n\t\t\t\t<\/div>\n\t\t\t\t\t<\/div>\n\t\t<\/div>\n\t\t\t\t\t<\/div>\n\t\t<\/section>\n\t\t\t\t<section class=\"elementor-section elementor-top-section elementor-element elementor-element-6539f05 elementor-section-boxed elementor-section-height-default elementor-section-height-default\" data-id=\"6539f05\" data-element_type=\"section\" data-e-type=\"section\">\n\t\t\t\t\t\t<div class=\"elementor-container elementor-column-gap-default\">\n\t\t\t\t\t<div class=\"elementor-column elementor-col-50 elementor-top-column elementor-element elementor-element-eb15c62\" data-id=\"eb15c62\" data-element_type=\"column\" data-e-type=\"column\">\n\t\t\t<div class=\"elementor-widget-wrap elementor-element-populated\">\n\t\t\t\t\t\t<div class=\"elementor-element elementor-element-89ea69c elementor-widget elementor-widget-image\" data-id=\"89ea69c\" data-element_type=\"widget\" data-e-type=\"widget\" data-widget_type=\"image.default\">\n\t\t\t\t<div class=\"elementor-widget-container\">\n\t\t\t\t\t\t\t\t\t\t\t\t\t\t\t<img loading=\"lazy\" decoding=\"async\" width=\"1024\" height=\"576\" src=\"https:\/\/rc4wd.com\/go\/wp-content\/uploads\/2024\/07\/Etienne1-1024x576.jpg\" class=\"attachment-large size-large wp-image-7389\" alt=\"\" srcset=\"https:\/\/rc4wd.com\/go\/wp-content\/uploads\/2024\/07\/Etienne1-1024x576.jpg 1024w, https:\/\/rc4wd.com\/go\/wp-content\/uploads\/2024\/07\/Etienne1-300x169.jpg 300w, https:\/\/rc4wd.com\/go\/wp-content\/uploads\/2024\/07\/Etienne1-768x432.jpg 768w, https:\/\/rc4wd.com\/go\/wp-content\/uploads\/2024\/07\/Etienne1-1536x864.jpg 1536w, https:\/\/rc4wd.com\/go\/wp-content\/uploads\/2024\/07\/Etienne1.jpg 1920w\" sizes=\"(max-width: 1024px) 100vw, 1024px\" \/>\t\t\t\t\t\t\t\t\t\t\t\t\t\t\t<\/div>\n\t\t\t\t<\/div>\n\t\t\t\t\t<\/div>\n\t\t<\/div>\n\t\t\t\t<div class=\"elementor-column elementor-col-50 elementor-top-column elementor-element elementor-element-9dd7d48\" data-id=\"9dd7d48\" data-element_type=\"column\" data-e-type=\"column\">\n\t\t\t<div class=\"elementor-widget-wrap elementor-element-populated\">\n\t\t\t\t\t\t<div class=\"elementor-element elementor-element-14d3be8 elementor-widget elementor-widget-image\" data-id=\"14d3be8\" data-element_type=\"widget\" data-e-type=\"widget\" data-widget_type=\"image.default\">\n\t\t\t\t<div class=\"elementor-widget-container\">\n\t\t\t\t\t\t\t\t\t\t\t\t\t\t\t<img loading=\"lazy\" decoding=\"async\" width=\"1024\" height=\"576\" src=\"https:\/\/rc4wd.com\/go\/wp-content\/uploads\/2024\/07\/Etienne4-1024x576.jpg\" class=\"attachment-large size-large wp-image-7386\" alt=\"\" srcset=\"https:\/\/rc4wd.com\/go\/wp-content\/uploads\/2024\/07\/Etienne4-1024x576.jpg 1024w, https:\/\/rc4wd.com\/go\/wp-content\/uploads\/2024\/07\/Etienne4-300x169.jpg 300w, https:\/\/rc4wd.com\/go\/wp-content\/uploads\/2024\/07\/Etienne4-768x432.jpg 768w, https:\/\/rc4wd.com\/go\/wp-content\/uploads\/2024\/07\/Etienne4-1536x864.jpg 1536w, https:\/\/rc4wd.com\/go\/wp-content\/uploads\/2024\/07\/Etienne4-2048x1152.jpg 2048w\" sizes=\"(max-width: 1024px) 100vw, 1024px\" \/>\t\t\t\t\t\t\t\t\t\t\t\t\t\t\t<\/div>\n\t\t\t\t<\/div>\n\t\t\t\t\t<\/div>\n\t\t<\/div>\n\t\t\t\t\t<\/div>\n\t\t<\/section>\n\t\t\t\t<section class=\"elementor-section elementor-top-section elementor-element elementor-element-deb78d9 elementor-section-boxed elementor-section-height-default elementor-section-height-default\" data-id=\"deb78d9\" data-element_type=\"section\" data-e-type=\"section\">\n\t\t\t\t\t\t<div class=\"elementor-container elementor-column-gap-default\">\n\t\t\t\t\t<div class=\"elementor-column elementor-col-100 elementor-top-column elementor-element elementor-element-a4ef447\" data-id=\"a4ef447\" data-element_type=\"column\" data-e-type=\"column\">\n\t\t\t<div class=\"elementor-widget-wrap elementor-element-populated\">\n\t\t\t\t\t\t<div class=\"elementor-element elementor-element-a726851 elementor-shape-rounded elementor-grid-0 e-grid-align-center elementor-widget elementor-widget-social-icons\" data-id=\"a726851\" data-element_type=\"widget\" data-e-type=\"widget\" data-widget_type=\"social-icons.default\">\n\t\t\t\t<div class=\"elementor-widget-container\">\n\t\t\t\t\t\t\t<div class=\"elementor-social-icons-wrapper elementor-grid\" role=\"list\">\n\t\t\t\t\t\t\t<span class=\"elementor-grid-item\" role=\"listitem\">\n\t\t\t\t\t<a class=\"elementor-icon elementor-social-icon elementor-social-icon-facebook elementor-repeater-item-ddae1c6\" href=\"https:\/\/www.facebook.com\/rc4wd\/\" target=\"_blank\" rel=\"noopener\">\n\t\t\t\t\t\t<span class=\"elementor-screen-only\">Facebook<\/span>\n\t\t\t\t\t\t<i aria-hidden=\"true\" class=\"fab fa-facebook\"><\/i>\t\t\t\t\t<\/a>\n\t\t\t\t<\/span>\n\t\t\t\t\t\t\t<span class=\"elementor-grid-item\" role=\"listitem\">\n\t\t\t\t\t<a class=\"elementor-icon elementor-social-icon elementor-social-icon-instagram elementor-repeater-item-8b3f257\" href=\"https:\/\/www.instagram.com\/rc4wd\/\" target=\"_blank\" rel=\"noopener\">\n\t\t\t\t\t\t<span class=\"elementor-screen-only\">Instagram<\/span>\n\t\t\t\t\t\t<i aria-hidden=\"true\" class=\"fab fa-instagram\"><\/i>\t\t\t\t\t<\/a>\n\t\t\t\t<\/span>\n\t\t\t\t\t\t\t<span class=\"elementor-grid-item\" role=\"listitem\">\n\t\t\t\t\t<a class=\"elementor-icon elementor-social-icon elementor-social-icon-youtube elementor-repeater-item-ebb3c37\" href=\"https:\/\/www.youtube.com\/channel\/UCM6dls4H_NisBf_1oVvvDEw\" target=\"_blank\" rel=\"noopener\">\n\t\t\t\t\t\t<span class=\"elementor-screen-only\">Youtube<\/span>\n\t\t\t\t\t\t<i aria-hidden=\"true\" class=\"fab fa-youtube\"><\/i>\t\t\t\t\t<\/a>\n\t\t\t\t<\/span>\n\t\t\t\t\t<\/div>\n\t\t\t\t\t\t<\/div>\n\t\t\t\t<\/div>\n\t\t\t\t\t<\/div>\n\t\t<\/div>\n\t\t\t\t\t<\/div>\n\t\t<\/section>\n\t\t\t\t<\/div>\n\t\t","protected":false},"excerpt":{"rendered":"<p>\u00c9tienne Nappert International Team Driver - Canada Team Driver - Since 2016... Yup! Name - \u00c9tienne NappertLocation - Montr\u00e9al, Qc, [&hellip;]<\/p>\n","protected":false},"author":2,"featured_media":0,"parent":0,"menu_order":0,"comment_status":"closed","ping_status":"closed","template":"","meta":{"site-sidebar-layout":"no-sidebar","site-content-layout":"","ast-site-content-layout":"full-width-container","site-content-style":"default","site-sidebar-style":"default","ast-global-header-display":"","ast-banner-title-visibility":"","ast-main-header-display":"","ast-hfb-above-header-display":"","ast-hfb-below-header-display":"","ast-hfb-mobile-header-display":"","site-post-title":"disabled","ast-breadcrumbs-content":"","ast-featured-img":"disabled","footer-sml-layout":"","theme-transparent-header-meta":"","adv-header-id-meta":"","stick-header-meta":"","header-above-stick-meta":"","header-main-stick-meta":"","header-below-stick-meta":"","astra-migrate-meta-layouts":"default","ast-page-background-enabled":"default","ast-page-background-meta":{"desktop":{"background-color":"var(--ast-global-color-4)","background-image":"","background-repeat":"repeat","background-position":"center center","background-size":"auto","background-attachment":"scroll","background-type":"","background-media":"","overlay-type":"","overlay-color":"","overlay-opacity":"","overlay-gradient":""},"tablet":{"background-color":"","background-image":"","background-repeat":"repeat","background-position":"center center","background-size":"auto","background-attachment":"scroll","background-type":"","background-media":"","overlay-type":"","overlay-color":"","overlay-opacity":"","overlay-gradient":""},"mobile":{"background-color":"","background-image":"","background-repeat":"repeat","background-position":"center center","background-size":"auto","background-attachment":"scroll","background-type":"","background-media":"","overlay-type":"","overlay-color":"","overlay-opacity":"","overlay-gradient":""}},"ast-content-background-meta":{"desktop":{"background-color":"var(--ast-global-color-5)","background-image":"","background-repeat":"repeat","background-position":"center center","background-size":"auto","background-attachment":"scroll","background-type":"","background-media":"","overlay-type":"","overlay-color":"","overlay-opacity":"","overlay-gradient":""},"tablet":{"background-color":"var(--ast-global-color-5)","background-image":"","background-repeat":"repeat","background-position":"center center","background-size":"auto","background-attachment":"scroll","background-type":"","background-media":"","overlay-type":"","overlay-color":"","overlay-opacity":"","overlay-gradient":""},"mobile":{"background-color":"var(--ast-global-color-5)","background-image":"","background-repeat":"repeat","background-position":"center center","background-size":"auto","background-attachment":"scroll","background-type":"","background-media":"","overlay-type":"","overlay-color":"","overlay-opacity":"","overlay-gradient":""}},"footnotes":""},"class_list":["post-7379","page","type-page","status-publish","hentry"],"_links":{"self":[{"href":"https:\/\/rc4wd.com\/go\/wp-json\/wp\/v2\/pages\/7379","targetHints":{"allow":["GET"]}}],"collection":[{"href":"https:\/\/rc4wd.com\/go\/wp-json\/wp\/v2\/pages"}],"about":[{"href":"https:\/\/rc4wd.com\/go\/wp-json\/wp\/v2\/types\/page"}],"author":[{"embeddable":true,"href":"https:\/\/rc4wd.com\/go\/wp-json\/wp\/v2\/users\/2"}],"replies":[{"embeddable":true,"href":"https:\/\/rc4wd.com\/go\/wp-json\/wp\/v2\/comments?post=7379"}],"version-history":[{"count":15,"href":"https:\/\/rc4wd.com\/go\/wp-json\/wp\/v2\/pages\/7379\/revisions"}],"predecessor-version":[{"id":8395,"href":"https:\/\/rc4wd.com\/go\/wp-json\/wp\/v2\/pages\/7379\/revisions\/8395"}],"wp:attachment":[{"href":"https:\/\/rc4wd.com\/go\/wp-json\/wp\/v2\/media?parent=7379"}],"curies":[{"name":"wp","href":"https:\/\/api.w.org\/{rel}","templated":true}]}}